{"id":565,"date":"2018-12-12T17:03:52","date_gmt":"2018-12-12T17:03:52","guid":{"rendered":"http:\/\/amarantavegetal.cat\/nuestra-cocina\/menu-gastronomic\/"},"modified":"2025-01-21T12:24:00","modified_gmt":"2025-01-21T12:24:00","slug":"menu-gastronomico","status":"publish","type":"page","link":"https:\/\/amarantavegetal.cat\/es\/nuestra-cocina\/menu-gastronomico\/","title":{"rendered":"Men\u00fa gastron\u00f3mico"},"content":{"rendered":"<div class=\"wpb-content-wrapper\"><p>[vc_row css_animation=\u00bb\u00bb row_type=\u00bbrow\u00bb use_row_as_full_screen_section=\u00bbno\u00bb type=\u00bbgrid\u00bb angled_section=\u00bbno\u00bb text_align=\u00bbleft\u00bb background_image_as_pattern=\u00bbwithout_pattern\u00bb padding_top=\u00bb60&#8243; padding_bottom=\u00bb60&#8243; z_index=\u00bb\u00bb][vc_column][vc_column_text]<\/p>\n<h2 style=\"text-align: center;\"><span style=\"color: #799900;\">MEN\u00da GASTRON\u00d3MICO Y DE DEGUSTACI\u00d3N<\/span><\/h2>\n<p>[\/vc_column_text][vc_separator type=\u00bbnormal\u00bb color=\u00bb#d3d3d3&#8243; up=\u00bb10&#8243; down=\u00bb20&#8243;][vc_column_text css=\u00bb.vc_custom_1545663745273{padding-top: 20px !important;}\u00bb]<\/p>\n<h3 style=\"text-align: center;\">ENTRANTES<\/h3>\n<p>[\/vc_column_text][vc_column_text]<\/p>\n<div style=\"text-align: center;\">Copa de cava de bienvenida<\/div>\n<div style=\"text-align: center;\">Chips de boniato con salsa de brie<\/div>\n<div style=\"text-align: center;\">.<\/div>\n<div style=\"text-align: center;\">Delicias de quinoa y chia con salsa griega<\/div>\n<p style=\"text-align: center;\">\u00a0Piquillo de esp\u00e1rragos y ajo tierno con mousse de escalivada<\/p>\n<p style=\"text-align: center;\">\u00a0 Surtido de pat\u00e9s vegetales<\/p>\n<p>[\/vc_column_text][vc_column_text css=\u00bb.vc_custom_1544634278553{padding-top: 20px !important;}\u00bb]<\/p>\n<h3 style=\"text-align: center;\">MEN\u00da<\/h3>\n<p>[\/vc_column_text][vc_column_text]<\/p>\n<p align=\"center\">Crema de calabaza, manzana y gengibre<\/p>\n<p align=\"center\">Fideu\u00e1 con algas y setas<\/p>\n<p align=\"center\">Seit\u00e1n con pesto de hierbas arom\u00e1ticas y frutos secos<\/p>\n<p>[\/vc_column_text][vc_column_text css=\u00bb.vc_custom_1544192311529{padding-top: 20px !important;}\u00bb]<\/p>\n<h3 style=\"text-align: center;\">POSTRES<\/h3>\n<p>[\/vc_column_text][vc_column_text]<\/p>\n<div align=\"center\">\n<p>\u00a0Sorbete artesano de fruta.<\/p>\n<p>Pecado de chocolate.<\/p>\n<p>Copita de moscatell del Empord\u00e1.<\/p>\n<\/div>\n<p>[\/vc_column_text][vc_separator type=\u00bbnormal\u00bb color=\u00bb#d3d3d3&#8243; up=\u00bb20&#8243; down=\u00bb10&#8243;][vc_column_text css=\u00bb.vc_custom_1666778342252{padding-top: 20px !important;}\u00bb]<\/p>\n<h5 style=\"text-align: center;\">Vinos de Terra Alta (Celler Arruf\u00ed).<\/h5>\n<h5 style=\"text-align: center;\">\u00a0Aguas minerales.<\/h5>\n<h2 align=\"center\"><strong>45\u20ac iva incluido<br \/>\n<\/strong><\/h2>\n<h6 style=\"text-align: center;\">Men\u00fa para mesas completas<\/h6>\n<p>[\/vc_column_text][\/vc_column][\/vc_row]<\/p>\n<\/div>","protected":false},"excerpt":{"rendered":"<p>[vc_row css_animation=\u00bb\u00bb row_type=\u00bbrow\u00bb use_row_as_full_screen_section=\u00bbno\u00bb type=\u00bbgrid\u00bb angled_section=\u00bbno\u00bb text_align=\u00bbleft\u00bb background_image_as_pattern=\u00bbwithout_pattern\u00bb padding_top=\u00bb60&#8243; padding_bottom=\u00bb60&#8243; z_index=\u00bb\u00bb][vc_column][vc_column_text] MEN\u00da GASTRON\u00d3MICO Y DE DEGUSTACI\u00d3N [\/vc_column_text][vc_separator type=\u00bbnormal\u00bb color=\u00bb#d3d3d3&#8243; up=\u00bb10&#8243; down=\u00bb20&#8243;][vc_column_text css=\u00bb.vc_custom_1545663745273{padding-top: 20px !important;}\u00bb] ENTRANTES [\/vc_column_text][vc_column_text] Copa de cava de bienvenida Chips de boniato con salsa de brie . Delicias de quinoa y chia con&#8230;<\/p>\n","protected":false},"author":1,"featured_media":0,"parent":553,"menu_order":0,"comment_status":"closed","ping_status":"closed","template":"full_width.php","meta":{"footnotes":""},"class_list":["post-565","page","type-page","status-publish","hentry"],"yoast_head":"<!-- This site is optimized with the Yoast SEO plugin v27.4 - https:\/\/yoast.com\/product\/yoast-seo-wordpress\/ -->\n<title>Men\u00fa gastron\u00f3mico - Amaranta Vegetal<\/title>\n<meta name=\"robots\" content=\"index, follow, max-snippet:-1, max-image-preview:large, max-video-preview:-1\" \/>\n<link rel=\"canonical\" href=\"https:\/\/amarantavegetal.cat\/es\/nuestra-cocina\/menu-gastronomico\/\" \/>\n<meta property=\"og:locale\" content=\"es_ES\" \/>\n<meta property=\"og:type\" content=\"article\" \/>\n<meta property=\"og:title\" content=\"Men\u00fa gastron\u00f3mico - Amaranta Vegetal\" \/>\n<meta property=\"og:description\" content=\"[vc_row css_animation=\u00bb\u00bb row_type=\u00bbrow\u00bb use_row_as_full_screen_section=\u00bbno\u00bb type=\u00bbgrid\u00bb angled_section=\u00bbno\u00bb text_align=\u00bbleft\u00bb background_image_as_pattern=\u00bbwithout_pattern\u00bb padding_top=\u00bb60&#8243; padding_bottom=\u00bb60&#8243; z_index=\u00bb\u00bb][vc_column][vc_column_text] MEN\u00da GASTRON\u00d3MICO Y DE DEGUSTACI\u00d3N [\/vc_column_text][vc_separator type=\u00bbnormal\u00bb color=\u00bb#d3d3d3&#8243; up=\u00bb10&#8243; down=\u00bb20&#8243;][vc_column_text css=\u00bb.vc_custom_1545663745273{padding-top: 20px !important;}\u00bb] ENTRANTES [\/vc_column_text][vc_column_text] Copa de cava de bienvenida Chips de boniato con salsa de brie . Delicias de quinoa y chia con...\" \/>\n<meta property=\"og:url\" content=\"https:\/\/amarantavegetal.cat\/es\/nuestra-cocina\/menu-gastronomico\/\" \/>\n<meta property=\"og:site_name\" content=\"Amaranta Vegetal\" \/>\n<meta property=\"article:publisher\" content=\"https:\/\/www.facebook.com\/AmarantaRestaurantVegetaria\/\" \/>\n<meta property=\"article:modified_time\" content=\"2025-01-21T12:24:00+00:00\" \/>\n<meta name=\"twitter:card\" content=\"summary_large_image\" \/>\n<meta name=\"twitter:label1\" content=\"Tiempo de lectura\" \/>\n\t<meta name=\"twitter:data1\" content=\"1 minuto\" \/>\n<script type=\"application\/ld+json\" class=\"yoast-schema-graph\">{\"@context\":\"https:\\\/\\\/schema.org\",\"@graph\":[{\"@type\":\"WebPage\",\"@id\":\"https:\\\/\\\/amarantavegetal.cat\\\/es\\\/nuestra-cocina\\\/menu-gastronomico\\\/\",\"url\":\"https:\\\/\\\/amarantavegetal.cat\\\/es\\\/nuestra-cocina\\\/menu-gastronomico\\\/\",\"name\":\"Men\u00fa gastron\u00f3mico - Amaranta Vegetal\",\"isPartOf\":{\"@id\":\"https:\\\/\\\/amarantavegetal.cat\\\/#website\"},\"datePublished\":\"2018-12-12T17:03:52+00:00\",\"dateModified\":\"2025-01-21T12:24:00+00:00\",\"breadcrumb\":{\"@id\":\"https:\\\/\\\/amarantavegetal.cat\\\/es\\\/nuestra-cocina\\\/menu-gastronomico\\\/#breadcrumb\"},\"inLanguage\":\"es\",\"potentialAction\":[{\"@type\":\"ReadAction\",\"target\":[\"https:\\\/\\\/amarantavegetal.cat\\\/es\\\/nuestra-cocina\\\/menu-gastronomico\\\/\"]}]},{\"@type\":\"BreadcrumbList\",\"@id\":\"https:\\\/\\\/amarantavegetal.cat\\\/es\\\/nuestra-cocina\\\/menu-gastronomico\\\/#breadcrumb\",\"itemListElement\":[{\"@type\":\"ListItem\",\"position\":1,\"name\":\"Inici\",\"item\":\"https:\\\/\\\/amarantavegetal.cat\\\/es\\\/\"},{\"@type\":\"ListItem\",\"position\":2,\"name\":\"Nuestra cocina\",\"item\":\"https:\\\/\\\/amarantavegetal.cat\\\/es\\\/nuestra-cocina\\\/\"},{\"@type\":\"ListItem\",\"position\":3,\"name\":\"Men\u00fa gastron\u00f3mico\"}]},{\"@type\":\"WebSite\",\"@id\":\"https:\\\/\\\/amarantavegetal.cat\\\/#website\",\"url\":\"https:\\\/\\\/amarantavegetal.cat\\\/\",\"name\":\"Amaranta Vegetal\",\"description\":\"Restaurant de cuina vegetariana\",\"potentialAction\":[{\"@type\":\"SearchAction\",\"target\":{\"@type\":\"EntryPoint\",\"urlTemplate\":\"https:\\\/\\\/amarantavegetal.cat\\\/?s={search_term_string}\"},\"query-input\":{\"@type\":\"PropertyValueSpecification\",\"valueRequired\":true,\"valueName\":\"search_term_string\"}}],\"inLanguage\":\"es\"}]}<\/script>\n<!-- \/ Yoast SEO plugin. -->","yoast_head_json":{"title":"Men\u00fa gastron\u00f3mico - Amaranta Vegetal","robots":{"index":"index","follow":"follow","max-snippet":"max-snippet:-1","max-image-preview":"max-image-preview:large","max-video-preview":"max-video-preview:-1"},"canonical":"https:\/\/amarantavegetal.cat\/es\/nuestra-cocina\/menu-gastronomico\/","og_locale":"es_ES","og_type":"article","og_title":"Men\u00fa gastron\u00f3mico - Amaranta Vegetal","og_description":"[vc_row css_animation=\u00bb\u00bb row_type=\u00bbrow\u00bb use_row_as_full_screen_section=\u00bbno\u00bb type=\u00bbgrid\u00bb angled_section=\u00bbno\u00bb text_align=\u00bbleft\u00bb background_image_as_pattern=\u00bbwithout_pattern\u00bb padding_top=\u00bb60&#8243; padding_bottom=\u00bb60&#8243; z_index=\u00bb\u00bb][vc_column][vc_column_text] MEN\u00da GASTRON\u00d3MICO Y DE DEGUSTACI\u00d3N [\/vc_column_text][vc_separator type=\u00bbnormal\u00bb color=\u00bb#d3d3d3&#8243; up=\u00bb10&#8243; down=\u00bb20&#8243;][vc_column_text css=\u00bb.vc_custom_1545663745273{padding-top: 20px !important;}\u00bb] ENTRANTES [\/vc_column_text][vc_column_text] Copa de cava de bienvenida Chips de boniato con salsa de brie . Delicias de quinoa y chia con...","og_url":"https:\/\/amarantavegetal.cat\/es\/nuestra-cocina\/menu-gastronomico\/","og_site_name":"Amaranta Vegetal","article_publisher":"https:\/\/www.facebook.com\/AmarantaRestaurantVegetaria\/","article_modified_time":"2025-01-21T12:24:00+00:00","twitter_card":"summary_large_image","twitter_misc":{"Tiempo de lectura":"1 minuto"},"schema":{"@context":"https:\/\/schema.org","@graph":[{"@type":"WebPage","@id":"https:\/\/amarantavegetal.cat\/es\/nuestra-cocina\/menu-gastronomico\/","url":"https:\/\/amarantavegetal.cat\/es\/nuestra-cocina\/menu-gastronomico\/","name":"Men\u00fa gastron\u00f3mico - Amaranta Vegetal","isPartOf":{"@id":"https:\/\/amarantavegetal.cat\/#website"},"datePublished":"2018-12-12T17:03:52+00:00","dateModified":"2025-01-21T12:24:00+00:00","breadcrumb":{"@id":"https:\/\/amarantavegetal.cat\/es\/nuestra-cocina\/menu-gastronomico\/#breadcrumb"},"inLanguage":"es","potentialAction":[{"@type":"ReadAction","target":["https:\/\/amarantavegetal.cat\/es\/nuestra-cocina\/menu-gastronomico\/"]}]},{"@type":"BreadcrumbList","@id":"https:\/\/amarantavegetal.cat\/es\/nuestra-cocina\/menu-gastronomico\/#breadcrumb","itemListElement":[{"@type":"ListItem","position":1,"name":"Inici","item":"https:\/\/amarantavegetal.cat\/es\/"},{"@type":"ListItem","position":2,"name":"Nuestra cocina","item":"https:\/\/amarantavegetal.cat\/es\/nuestra-cocina\/"},{"@type":"ListItem","position":3,"name":"Men\u00fa gastron\u00f3mico"}]},{"@type":"WebSite","@id":"https:\/\/amarantavegetal.cat\/#website","url":"https:\/\/amarantavegetal.cat\/","name":"Amaranta Vegetal","description":"Restaurant de cuina vegetariana","potentialAction":[{"@type":"SearchAction","target":{"@type":"EntryPoint","urlTemplate":"https:\/\/amarantavegetal.cat\/?s={search_term_string}"},"query-input":{"@type":"PropertyValueSpecification","valueRequired":true,"valueName":"search_term_string"}}],"inLanguage":"es"}]}},"_links":{"self":[{"href":"https:\/\/amarantavegetal.cat\/es\/wp-json\/wp\/v2\/pages\/565","targetHints":{"allow":["GET"]}}],"collection":[{"href":"https:\/\/amarantavegetal.cat\/es\/wp-json\/wp\/v2\/pages"}],"about":[{"href":"https:\/\/amarantavegetal.cat\/es\/wp-json\/wp\/v2\/types\/page"}],"author":[{"embeddable":true,"href":"https:\/\/amarantavegetal.cat\/es\/wp-json\/wp\/v2\/users\/1"}],"replies":[{"embeddable":true,"href":"https:\/\/amarantavegetal.cat\/es\/wp-json\/wp\/v2\/comments?post=565"}],"version-history":[{"count":11,"href":"https:\/\/amarantavegetal.cat\/es\/wp-json\/wp\/v2\/pages\/565\/revisions"}],"predecessor-version":[{"id":4415,"href":"https:\/\/amarantavegetal.cat\/es\/wp-json\/wp\/v2\/pages\/565\/revisions\/4415"}],"up":[{"embeddable":true,"href":"https:\/\/amarantavegetal.cat\/es\/wp-json\/wp\/v2\/pages\/553"}],"wp:attachment":[{"href":"https:\/\/amarantavegetal.cat\/es\/wp-json\/wp\/v2\/media?parent=565"}],"curies":[{"name":"wp","href":"https:\/\/api.w.org\/{rel}","templated":true}]}}