{"id":553,"date":"2018-01-12T09:28:42","date_gmt":"2018-01-12T09:28:42","guid":{"rendered":"http:\/\/amarantavegetal.cat\/la-nostra-cuina\/"},"modified":"2025-06-25T08:23:01","modified_gmt":"2025-06-25T08:23:01","slug":"nuestra-cocina","status":"publish","type":"page","link":"https:\/\/amarantavegetal.cat\/es\/nuestra-cocina\/","title":{"rendered":"Nuestra cocina"},"content":{"rendered":"<div class=\"wpb-content-wrapper\"><p>[vc_row css_animation=\u00bb\u00bb row_type=\u00bbrow\u00bb use_row_as_full_screen_section=\u00bbno\u00bb type=\u00bbgrid\u00bb angled_section=\u00bbno\u00bb text_align=\u00bbleft\u00bb background_image_as_pattern=\u00bbwithout_pattern\u00bb padding_top=\u00bb60&#8243; z_index=\u00bb\u00bb][vc_column width=\u00bb1\/2&#8243;][vc_column_text css=\u00bb.vc_custom_1750839690296{border-top-width: 1px !important;border-right-width: 1px !important;border-bottom-width: 1px !important;border-left-width: 1px !important;padding-top: 30px !important;padding-right: 30px !important;padding-bottom: 30px !important;padding-left: 30px !important;background-color: #ffffff !important;border-radius: 10px !important;border-color: #799900 !important;}\u00bb]<\/p>\n<h3 style=\"text-align: center;\">CARTA<\/h3>\n<p style=\"text-align: center;\">Entra y podr\u00e1s nuestra extensa carta de platos vegetarianos ovol\u00e0ctics. Platos elaborados con productos frescos de temporada.<\/p>\n<p>&nbsp;<\/p>\n<p style=\"text-align: center;\"><a class=\"bto-menus\" href=\"\/es\/nuestra-cocina\/carta\/\">Ir a la carta<\/a><\/p>\n<p>[\/vc_column_text][vc_separator type=\u00bbtransparent\u00bb up=\u00bb15&#8243; down=\u00bb15&#8243;][\/vc_column][vc_column width=\u00bb1\/2&#8243;][vc_column_text css=\u00bb.vc_custom_1750839764692{border-top-width: 1px !important;border-right-width: 1px !important;border-bottom-width: 1px !important;border-left-width: 1px !important;padding-top: 30px !important;padding-right: 30px !important;padding-bottom: 30px !important;padding-left: 30px !important;background-color: #ffffff !important;border-radius: 10px !important;border-color: #799900 !important;}\u00bb]<\/p>\n<h3 style=\"text-align: center;\">MEN\u00da DE F\u00cdN DE SEMANA<\/h3>\n<p style=\"text-align: center;\">Entra y podr\u00e1s ver el men\u00fa que ofrecemos cada d\u00eda. Siempre diferente y con productos frescos de temporada.<\/p>\n<p>&nbsp;<\/p>\n<p style=\"text-align: center;\"><a class=\"bto-menus\" href=\"\/es\/nuestra-cocina\/menu-fin-de-semana\/\">Ir al men\u00fa<\/a><\/p>\n<p>[\/vc_column_text][vc_separator type=\u00bbtransparent\u00bb up=\u00bb15&#8243; down=\u00bb15&#8243;][\/vc_column][\/vc_row][vc_row css_animation=\u00bb\u00bb row_type=\u00bbrow\u00bb use_row_as_full_screen_section=\u00bbno\u00bb type=\u00bbgrid\u00bb angled_section=\u00bbno\u00bb text_align=\u00bbleft\u00bb background_image_as_pattern=\u00bbwithout_pattern\u00bb z_index=\u00bb\u00bb][vc_column width=\u00bb1\/2&#8243;][vc_column_text css=\u00bb.vc_custom_1750839635813{border-top-width: 1px !important;border-right-width: 1px !important;border-bottom-width: 1px !important;border-left-width: 1px !important;padding-top: 30px !important;padding-right: 30px !important;padding-bottom: 30px !important;padding-left: 30px !important;background-color: #ffffff !important;border-radius: 10px !important;border-color: #799900 !important;}\u00bb]<\/p>\n<h3 style=\"text-align: center;\">MEN\u00da DIARIO<\/h3>\n<p style=\"text-align: center;\">Entra y podr\u00e1s ver el men\u00fa que ofrecemos cada d\u00eda. Siempre diferente y con productos frescos de temporada.<\/p>\n<p>&nbsp;<\/p>\n<p style=\"text-align: center;\"><a class=\"bto-menus\" href=\"\/es\/nuestra-cocina\/menu-diario\/\">Ir al men\u00fa diario<\/a><\/p>\n<p>[\/vc_column_text][vc_separator type=\u00bbtransparent\u00bb up=\u00bb15&#8243; down=\u00bb15&#8243;][\/vc_column][vc_column width=\u00bb1\/2&#8243;][vc_column_text css=\u00bb.vc_custom_1750839776376{border-top-width: 1px !important;border-right-width: 1px !important;border-bottom-width: 1px !important;border-left-width: 1px !important;padding-top: 30px !important;padding-right: 30px !important;padding-bottom: 30px !important;padding-left: 30px !important;background-color: #ffffff !important;border-radius: 10px !important;border-color: #799900 !important;}\u00bb]<\/p>\n<h3 style=\"text-align: center;\">MEN\u00da DE FERIA DE SANT NARC\u00cdS<\/h3>\n<p style=\"text-align: center;\">Entra y podr\u00e1s ver el men\u00fa que ofrecemos por las feria de Sant Narc\u00eds en Girona. Siempre diferente y con productos frescos de temporada.<\/p>\n<p>&nbsp;<\/p>\n<p style=\"text-align: center;\"><a class=\"bto-menus\" href=\"\/es\/nuestra-cocina\/menu-de-feria-de-sant-narcis\/\">Ir al men\u00fa de feria<\/a><\/p>\n<p>[\/vc_column_text][vc_separator type=\u00bbtransparent\u00bb up=\u00bb15&#8243; down=\u00bb15&#8243;][\/vc_column][\/vc_row][vc_row css_animation=\u00bb\u00bb row_type=\u00bbrow\u00bb use_row_as_full_screen_section=\u00bbno\u00bb type=\u00bbgrid\u00bb angled_section=\u00bbno\u00bb text_align=\u00bbleft\u00bb background_image_as_pattern=\u00bbwithout_pattern\u00bb z_index=\u00bb\u00bb][vc_column width=\u00bb1\/2&#8243;][vc_column_text css=\u00bb.vc_custom_1750839558060{border-top-width: 1px !important;border-right-width: 1px !important;border-bottom-width: 1px !important;border-left-width: 1px !important;padding-top: 30px !important;padding-right: 30px !important;padding-bottom: 30px !important;padding-left: 30px !important;background-color: #ffffff !important;border-radius: 10px !important;border-color: #799900 !important;}\u00bb]<\/p>\n<h3 style=\"text-align: center;\">MEN\u00da GASTRON\u00d3MICO<\/h3>\n<p style=\"text-align: center;\">Entra y podr\u00e1s ver nuestro men\u00fa gastron\u00f3mico. Siempre diferente y con productos frescos de temporada.<\/p>\n<p>&nbsp;<\/p>\n<p style=\"text-align: center;\"><a class=\"bto-menus\" href=\"\/es\/nuestra-cocina\/menu-gastronomico\/\">Ir al men\u00fa gastron\u00f3mico<\/a><\/p>\n<p>[\/vc_column_text][vc_separator type=\u00bbtransparent\u00bb up=\u00bb15&#8243; down=\u00bb15&#8243;][\/vc_column][vc_column width=\u00bb1\/2&#8243;][vc_column_text css=\u00bb.vc_custom_1750839527809{border-top-width: 1px !important;border-right-width: 1px !important;border-bottom-width: 1px !important;border-left-width: 1px !important;padding-top: 30px !important;padding-right: 30px !important;padding-bottom: 30px !important;padding-left: 30px !important;background-color: #ffffff !important;border-radius: 10px !important;border-color: #799900 !important;}\u00bb]<\/p>\n<h3 style=\"text-align: center;\">CARTA DE POSTRES<\/h3>\n<p style=\"text-align: center;\">Entra y podr\u00e1s ver nuestra carta de postres. Elaborados con amor.<\/p>\n<p>&nbsp;<\/p>\n<p style=\"text-align: center;\"><a class=\"bto-menus\" href=\"\/es\/nuestra-cocina\/carta-postres\/\">Ir a la carta de postres<\/a><\/p>\n<p>[\/vc_column_text][vc_separator type=\u00bbtransparent\u00bb up=\u00bb15&#8243; down=\u00bb15&#8243;][\/vc_column][\/vc_row][vc_row css_animation=\u00bb\u00bb row_type=\u00bbrow\u00bb use_row_as_full_screen_section=\u00bbno\u00bb type=\u00bbgrid\u00bb angled_section=\u00bbno\u00bb text_align=\u00bbleft\u00bb background_image_as_pattern=\u00bbwithout_pattern\u00bb padding_bottom=\u00bb60&#8243; z_index=\u00bb\u00bb][vc_column width=\u00bb1\/2&#8243;][vc_column_text css=\u00bb.vc_custom_1750839498353{border-top-width: 1px !important;border-right-width: 1px !important;border-bottom-width: 1px !important;border-left-width: 1px !important;padding-top: 30px !important;padding-right: 30px !important;padding-bottom: 30px !important;padding-left: 30px !important;background-color: #ffffff !important;border-radius: 10px !important;border-color: #799900 !important;}\u00bb]<\/p>\n<h3 style=\"text-align: center;\">CARTA DE VINOS<\/h3>\n<div class=\"textarea-desti col-xs-12 col-sm-6\">\n<div class=\"form-control second-textarea\" style=\"text-align: center;\">Entra y podr\u00e1s ver nuestra carta de vinos.<\/div>\n<\/div>\n<p>&nbsp;<\/p>\n<p style=\"text-align: center;\"><a class=\"bto-menus\" href=\"\/es\/nuestra-cocina\/carta-de-vinos\/\">Ir a la carta de vinos<\/a><\/p>\n<p>[\/vc_column_text][vc_separator type=\u00bbtransparent\u00bb up=\u00bb15&#8243; down=\u00bb15&#8243;][\/vc_column][vc_column width=\u00bb1\/2&#8243;][vc_separator type=\u00bbtransparent\u00bb up=\u00bb15&#8243; down=\u00bb15&#8243;][\/vc_column][\/vc_row]<\/p>\n<\/div>","protected":false},"excerpt":{"rendered":"<p>[vc_row css_animation=\u00bb\u00bb row_type=\u00bbrow\u00bb use_row_as_full_screen_section=\u00bbno\u00bb type=\u00bbgrid\u00bb angled_section=\u00bbno\u00bb text_align=\u00bbleft\u00bb background_image_as_pattern=\u00bbwithout_pattern\u00bb padding_top=\u00bb60&#8243; z_index=\u00bb\u00bb][vc_column width=\u00bb1\/2&#8243;][vc_column_text css=\u00bb.vc_custom_1750839690296{border-top-width: 1px !important;border-right-width: 1px !important;border-bottom-width: 1px !important;border-left-width: 1px !important;padding-top: 30px !important;padding-right: 30px !important;padding-bottom: 30px !important;padding-left: 30px !important;background-color: #ffffff !important;border-radius: 10px !important;border-color: #799900 !important;}\u00bb] CARTA Entra y podr\u00e1s nuestra extensa carta de platos vegetarianos ovol\u00e0ctics&#8230;.<\/p>\n","protected":false},"author":1,"featured_media":0,"parent":0,"menu_order":0,"comment_status":"closed","ping_status":"closed","template":"full_width.php","meta":{"footnotes":""},"class_list":["post-553","page","type-page","status-publish","hentry"],"yoast_head":"<!-- This site is optimized with the Yoast SEO plugin v27.4 - https:\/\/yoast.com\/product\/yoast-seo-wordpress\/ -->\n<title>Nuestra cocina - Amaranta Vegetal<\/title>\n<meta name=\"robots\" content=\"index, follow, max-snippet:-1, max-image-preview:large, max-video-preview:-1\" \/>\n<link rel=\"canonical\" href=\"https:\/\/amarantavegetal.cat\/es\/nuestra-cocina\/\" \/>\n<meta property=\"og:locale\" content=\"es_ES\" \/>\n<meta property=\"og:type\" content=\"article\" \/>\n<meta property=\"og:title\" content=\"Nuestra cocina - Amaranta Vegetal\" \/>\n<meta property=\"og:description\" content=\"[vc_row css_animation=\u00bb\u00bb row_type=\u00bbrow\u00bb use_row_as_full_screen_section=\u00bbno\u00bb type=\u00bbgrid\u00bb angled_section=\u00bbno\u00bb text_align=\u00bbleft\u00bb background_image_as_pattern=\u00bbwithout_pattern\u00bb padding_top=\u00bb60&#8243; z_index=\u00bb\u00bb][vc_column width=\u00bb1\/2&#8243;][vc_column_text css=\u00bb.vc_custom_1750839690296{border-top-width: 1px !important;border-right-width: 1px !important;border-bottom-width: 1px !important;border-left-width: 1px !important;padding-top: 30px !important;padding-right: 30px !important;padding-bottom: 30px !important;padding-left: 30px !important;background-color: #ffffff !important;border-radius: 10px !important;border-color: #799900 !important;}\u00bb] CARTA Entra y podr\u00e1s nuestra extensa carta de platos vegetarianos ovol\u00e0ctics....\" \/>\n<meta property=\"og:url\" content=\"https:\/\/amarantavegetal.cat\/es\/nuestra-cocina\/\" \/>\n<meta property=\"og:site_name\" content=\"Amaranta Vegetal\" \/>\n<meta property=\"article:publisher\" content=\"https:\/\/www.facebook.com\/AmarantaRestaurantVegetaria\/\" \/>\n<meta property=\"article:modified_time\" content=\"2025-06-25T08:23:01+00:00\" \/>\n<meta name=\"twitter:card\" content=\"summary_large_image\" \/>\n<meta name=\"twitter:label1\" content=\"Tiempo de lectura\" \/>\n\t<meta name=\"twitter:data1\" content=\"3 minutos\" \/>\n<script type=\"application\/ld+json\" class=\"yoast-schema-graph\">{\"@context\":\"https:\\\/\\\/schema.org\",\"@graph\":[{\"@type\":\"WebPage\",\"@id\":\"https:\\\/\\\/amarantavegetal.cat\\\/es\\\/nuestra-cocina\\\/\",\"url\":\"https:\\\/\\\/amarantavegetal.cat\\\/es\\\/nuestra-cocina\\\/\",\"name\":\"Nuestra cocina - Amaranta Vegetal\",\"isPartOf\":{\"@id\":\"https:\\\/\\\/amarantavegetal.cat\\\/#website\"},\"datePublished\":\"2018-01-12T09:28:42+00:00\",\"dateModified\":\"2025-06-25T08:23:01+00:00\",\"breadcrumb\":{\"@id\":\"https:\\\/\\\/amarantavegetal.cat\\\/es\\\/nuestra-cocina\\\/#breadcrumb\"},\"inLanguage\":\"es\",\"potentialAction\":[{\"@type\":\"ReadAction\",\"target\":[\"https:\\\/\\\/amarantavegetal.cat\\\/es\\\/nuestra-cocina\\\/\"]}]},{\"@type\":\"BreadcrumbList\",\"@id\":\"https:\\\/\\\/amarantavegetal.cat\\\/es\\\/nuestra-cocina\\\/#breadcrumb\",\"itemListElement\":[{\"@type\":\"ListItem\",\"position\":1,\"name\":\"Inici\",\"item\":\"https:\\\/\\\/amarantavegetal.cat\\\/es\\\/\"},{\"@type\":\"ListItem\",\"position\":2,\"name\":\"Nuestra cocina\"}]},{\"@type\":\"WebSite\",\"@id\":\"https:\\\/\\\/amarantavegetal.cat\\\/#website\",\"url\":\"https:\\\/\\\/amarantavegetal.cat\\\/\",\"name\":\"Amaranta Vegetal\",\"description\":\"Restaurant de cuina vegetariana\",\"potentialAction\":[{\"@type\":\"SearchAction\",\"target\":{\"@type\":\"EntryPoint\",\"urlTemplate\":\"https:\\\/\\\/amarantavegetal.cat\\\/?s={search_term_string}\"},\"query-input\":{\"@type\":\"PropertyValueSpecification\",\"valueRequired\":true,\"valueName\":\"search_term_string\"}}],\"inLanguage\":\"es\"}]}<\/script>\n<!-- \/ Yoast SEO plugin. -->","yoast_head_json":{"title":"Nuestra cocina - Amaranta Vegetal","robots":{"index":"index","follow":"follow","max-snippet":"max-snippet:-1","max-image-preview":"max-image-preview:large","max-video-preview":"max-video-preview:-1"},"canonical":"https:\/\/amarantavegetal.cat\/es\/nuestra-cocina\/","og_locale":"es_ES","og_type":"article","og_title":"Nuestra cocina - Amaranta Vegetal","og_description":"[vc_row css_animation=\u00bb\u00bb row_type=\u00bbrow\u00bb use_row_as_full_screen_section=\u00bbno\u00bb type=\u00bbgrid\u00bb angled_section=\u00bbno\u00bb text_align=\u00bbleft\u00bb background_image_as_pattern=\u00bbwithout_pattern\u00bb padding_top=\u00bb60&#8243; z_index=\u00bb\u00bb][vc_column width=\u00bb1\/2&#8243;][vc_column_text css=\u00bb.vc_custom_1750839690296{border-top-width: 1px !important;border-right-width: 1px !important;border-bottom-width: 1px !important;border-left-width: 1px !important;padding-top: 30px !important;padding-right: 30px !important;padding-bottom: 30px !important;padding-left: 30px !important;background-color: #ffffff !important;border-radius: 10px !important;border-color: #799900 !important;}\u00bb] CARTA Entra y podr\u00e1s nuestra extensa carta de platos vegetarianos ovol\u00e0ctics....","og_url":"https:\/\/amarantavegetal.cat\/es\/nuestra-cocina\/","og_site_name":"Amaranta Vegetal","article_publisher":"https:\/\/www.facebook.com\/AmarantaRestaurantVegetaria\/","article_modified_time":"2025-06-25T08:23:01+00:00","twitter_card":"summary_large_image","twitter_misc":{"Tiempo de lectura":"3 minutos"},"schema":{"@context":"https:\/\/schema.org","@graph":[{"@type":"WebPage","@id":"https:\/\/amarantavegetal.cat\/es\/nuestra-cocina\/","url":"https:\/\/amarantavegetal.cat\/es\/nuestra-cocina\/","name":"Nuestra cocina - Amaranta Vegetal","isPartOf":{"@id":"https:\/\/amarantavegetal.cat\/#website"},"datePublished":"2018-01-12T09:28:42+00:00","dateModified":"2025-06-25T08:23:01+00:00","breadcrumb":{"@id":"https:\/\/amarantavegetal.cat\/es\/nuestra-cocina\/#breadcrumb"},"inLanguage":"es","potentialAction":[{"@type":"ReadAction","target":["https:\/\/amarantavegetal.cat\/es\/nuestra-cocina\/"]}]},{"@type":"BreadcrumbList","@id":"https:\/\/amarantavegetal.cat\/es\/nuestra-cocina\/#breadcrumb","itemListElement":[{"@type":"ListItem","position":1,"name":"Inici","item":"https:\/\/amarantavegetal.cat\/es\/"},{"@type":"ListItem","position":2,"name":"Nuestra cocina"}]},{"@type":"WebSite","@id":"https:\/\/amarantavegetal.cat\/#website","url":"https:\/\/amarantavegetal.cat\/","name":"Amaranta Vegetal","description":"Restaurant de cuina vegetariana","potentialAction":[{"@type":"SearchAction","target":{"@type":"EntryPoint","urlTemplate":"https:\/\/amarantavegetal.cat\/?s={search_term_string}"},"query-input":{"@type":"PropertyValueSpecification","valueRequired":true,"valueName":"search_term_string"}}],"inLanguage":"es"}]}},"_links":{"self":[{"href":"https:\/\/amarantavegetal.cat\/es\/wp-json\/wp\/v2\/pages\/553","targetHints":{"allow":["GET"]}}],"collection":[{"href":"https:\/\/amarantavegetal.cat\/es\/wp-json\/wp\/v2\/pages"}],"about":[{"href":"https:\/\/amarantavegetal.cat\/es\/wp-json\/wp\/v2\/types\/page"}],"author":[{"embeddable":true,"href":"https:\/\/amarantavegetal.cat\/es\/wp-json\/wp\/v2\/users\/1"}],"replies":[{"embeddable":true,"href":"https:\/\/amarantavegetal.cat\/es\/wp-json\/wp\/v2\/comments?post=553"}],"version-history":[{"count":15,"href":"https:\/\/amarantavegetal.cat\/es\/wp-json\/wp\/v2\/pages\/553\/revisions"}],"predecessor-version":[{"id":4722,"href":"https:\/\/amarantavegetal.cat\/es\/wp-json\/wp\/v2\/pages\/553\/revisions\/4722"}],"wp:attachment":[{"href":"https:\/\/amarantavegetal.cat\/es\/wp-json\/wp\/v2\/media?parent=553"}],"curies":[{"name":"wp","href":"https:\/\/api.w.org\/{rel}","templated":true}]}}