{"id":542,"date":"2018-01-12T11:42:48","date_gmt":"2018-01-12T11:42:48","guid":{"rendered":"http:\/\/amarantavegetal.cat\/contacte\/"},"modified":"2023-12-05T12:48:10","modified_gmt":"2023-12-05T12:48:10","slug":"contacto","status":"publish","type":"page","link":"https:\/\/amarantavegetal.cat\/es\/contacto\/","title":{"rendered":"Contacto"},"content":{"rendered":"<div class=\"wpb-content-wrapper\"><p>[vc_row css_animation=\u00bb\u00bb row_type=\u00bbrow\u00bb use_row_as_full_screen_section=\u00bbno\u00bb type=\u00bbgrid\u00bb angled_section=\u00bbno\u00bb text_align=\u00bbleft\u00bb background_image_as_pattern=\u00bbwithout_pattern\u00bb padding_top=\u00bb60&#8243; padding_bottom=\u00bb50&#8243; z_index=\u00bb\u00bb][vc_column offset=\u00bbvc_col-md-4&#8243;][vc_single_image image=\u00bb265&#8243; img_size=\u00bbfull\u00bb qode_css_animation=\u00bb\u00bb][vc_empty_space height=\u00bb24px\u00bb][vc_column_text]<\/p>\n<h3>Informaci\u00f3 de contacte<\/h3>\n<p>[\/vc_column_text][vc_empty_space height=\u00bb7px\u00bb][vc_column_text]<i class=\"fa fa-map-marker\" aria-hidden=\"true\"><\/i> C\/.Riu G\u00fcell, 31-33 &#8211; 17005 Girona[\/vc_column_text][vc_column_text]<i class=\"fa fa-envelope\" aria-hidden=\"true\"><\/i> <a href=\"mailto:info@amarantavegetal.cat\">info@amarantavegetal.cat<\/a>[\/vc_column_text][vc_column_text]<i class=\"fa fa-phone\" aria-hidden=\"true\"><\/i> (+34) 972 940 832[\/vc_column_text][vc_empty_space height=\u00bb7px\u00bb][vc_column_text]<\/p>\n<h3>Horaris<\/h3>\n<p>[\/vc_column_text][vc_empty_space height=\u00bb7px\u00bb][vc_column_text]<\/p>\n<div style=\"text-align: left;\" align=\"center\"><strong>Men\u00fa diario de lunes a viernes medio d\u00eda<\/strong> <strong>(13:00 a 16:00h)<\/strong>:<\/div>\n<ul>\n<li class=\"font_8\" style=\"text-align: left;\">2 platos, postres, bebida y pan incluido: 18,40 \u20ac<\/li>\n<li class=\"font_8\" style=\"text-align: left;\">1 plato, postres, bebida y pan incluido: 12&#8217;00 \u20ac<\/li>\n<li class=\"font_8\" style=\"text-align: left;\">Para llevar : 2 platos, postres y pan: 13,50 \u20ac<\/li>\n<\/ul>\n<p class=\"font_8\" style=\"text-align: left;\" align=\"center\"><strong>En Carta i Men\u00fa Fines de semana:<\/strong><br \/>\ns\u00e1bado medio d\u00eda y festivos.<\/p>\n<p>[\/vc_column_text][vc_separator type=\u00bbtransparent\u00bb up=\u00bb10&#8243; down=\u00bb10&#8243;][\/vc_column][vc_column offset=\u00bbvc_col-md-8&#8243;][vc_separator type=\u00bbtransparent\u00bb up=\u00bb-16&#8243;][vc_column_text]<\/p>\n<h2>Formulari de contacte<\/h2>\n<p>[\/vc_column_text][vc_separator type=\u00bbsmall\u00bb position=\u00bbleft\u00bb color=\u00bb#799900&#8243; thickness=\u00bb4&#8243; width=\u00bb48&#8243; up=\u00bb22&#8243; down=\u00bb41&#8243;]\n<div class=\"wpcf7 no-js\" id=\"wpcf7-f214-o1\" lang=\"en-US\" dir=\"ltr\" data-wpcf7-id=\"214\">\n<div class=\"screen-reader-response\"><p role=\"status\" aria-live=\"polite\" aria-atomic=\"true\"><\/p> <ul><\/ul><\/div>\n<form action=\"\/es\/wp-json\/wp\/v2\/pages\/542#wpcf7-f214-o1\" method=\"post\" class=\"wpcf7-form init cf7_custom_style_2\" aria-label=\"Contact form\" novalidate=\"novalidate\" data-status=\"init\">\n<fieldset class=\"hidden-fields-container\"><input type=\"hidden\" name=\"_wpcf7\" value=\"214\" \/><input type=\"hidden\" name=\"_wpcf7_version\" value=\"6.1.5\" \/><input type=\"hidden\" name=\"_wpcf7_locale\" value=\"en_US\" \/><input type=\"hidden\" name=\"_wpcf7_unit_tag\" value=\"wpcf7-f214-o1\" \/><input type=\"hidden\" name=\"_wpcf7_container_post\" value=\"0\" \/><input type=\"hidden\" name=\"_wpcf7_posted_data_hash\" value=\"\" \/><input type=\"hidden\" name=\"_wpcf7_recaptcha_response\" value=\"\" \/>\n<\/fieldset>\n<div>\n\t<p><span class=\"wpcf7-form-control-wrap\" data-name=\"nom\"><input size=\"40\" maxlength=\"400\" class=\"wpcf7-form-control wpcf7-text\" aria-invalid=\"false\" placeholder=\"Nom*\" value=\"\" type=\"text\" name=\"nom\" \/><\/span>\n\t<\/p>\n<\/div>\n<div>\n\t<p><span class=\"wpcf7-form-control-wrap\" data-name=\"email\"><input size=\"40\" maxlength=\"400\" class=\"wpcf7-form-control wpcf7-text\" aria-invalid=\"false\" placeholder=\"Email*\" value=\"\" type=\"text\" name=\"email\" \/><\/span>\n\t<\/p>\n<\/div>\n<div>\n\t<p><span class=\"wpcf7-form-control-wrap\" data-name=\"telefon\"><input size=\"40\" maxlength=\"400\" class=\"wpcf7-form-control wpcf7-tel wpcf7-validates-as-required wpcf7-text wpcf7-validates-as-tel\" aria-required=\"true\" aria-invalid=\"false\" placeholder=\"Tel\u00e8fon*\" value=\"\" type=\"tel\" name=\"telefon\" \/><\/span>\n\t<\/p>\n<\/div>\n<div>\n\t<p><span class=\"wpcf7-form-control-wrap\" data-name=\"missatge\"><textarea cols=\"40\" rows=\"10\" maxlength=\"2000\" class=\"wpcf7-form-control wpcf7-textarea\" aria-invalid=\"false\" placeholder=\"Missatge\" name=\"missatge\"><\/textarea><\/span>\n\t<\/p>\n<\/div>\n<div>\n\t<p>De conformitat amb la normativa vigent en protecci\u00f3 de dades de car\u00e0cter personal, l'informem que les seves dades seran incorporades al sistema de tractament titularitat de LORIS COVER amb CIF X1855182W i domicili social en C\/ Riu G\u00fcell 31-33, 17005 (Girona) i que a continuaci\u00f3 es relacionen les seves respectives finalitats, terminis de conservaci\u00f3 i bases legitimadores. Per a aquells tractaments que ho requereixin, s'informa tamb\u00e9 de la possible elaboraci\u00f3 de perfils i decisions automatitzades, aix\u00ed com les possibles cessions i les transfer\u00e8ncies internacionals que LORIS COVER t\u00e9 previst realitzar:<br \/>\n<strong>Finalitat:<\/strong> Atendre les seves consultes i\/o sol\u00b7licituds i la instal\u00b7laci\u00f3 de cookies.<br \/>\n<strong>Termini de conservaci\u00f3:<\/strong> Mentre es mantingui el consentiment prestat.<br \/>\n<strong>Base leg\u00edtima:<\/strong> El consentiment de l'interessat.<br \/>\nD'acord amb els drets que li confereix la normativa vigent i aplicable en protecci\u00f3 de dades, podr\u00e0 exercir els drets d'acc\u00e9s, rectificaci\u00f3, limitaci\u00f3 de tractament, supressi\u00f3 (\"dret a l'oblit\"), portabilitat i oposici\u00f3 al tractament de les seves dades de car\u00e0cter personal aix\u00ed com la revocaci\u00f3 del consentiment prestat per al tractament d'aquests, dirigint la seva petici\u00f3 a l'adre\u00e7a postal: C\/ Riu G\u00fcell 31-33, 17005 (Girona) o al correu electr\u00f2nic: info@amarantavegetal.cat. Podr\u00e0 dirigir-se a l'autoritat de control competent per a prestar la reclamaci\u00f3 que consideri oportuna.\n\t<\/p>\n<\/div>\n<div>\n\t<p><span class=\"wpcf7-form-control-wrap\" data-name=\"acceptance-521\"><span class=\"wpcf7-form-control wpcf7-acceptance\"><span class=\"wpcf7-list-item\"><label><input type=\"checkbox\" name=\"acceptance-521\" value=\"1\" aria-invalid=\"false\" \/><span class=\"wpcf7-list-item-label\">He llegit, ent\u00e8s i accepto la <a href=\"\/politica-de-privacitat\/\" target=\"_blank\">pol\u00edcita de privacitat<\/a> d'aquest lloc web.<\/span><\/label><\/span><\/span><\/span>\n\t<\/p>\n<\/div>\n<p><label>\n\t<span class=\"wpcf7-form-control-wrap recaptcha\" data-name=\"recaptcha\"><span data-sitekey=\"6Le0r8UZAAAAANPT66e4eyUJwYEclnW24VIYi9f9\" class=\"wpcf7-form-control wpcf7-recaptcha g-recaptcha\"><\/span>\r\n<noscript>\r\n\t<div class=\"grecaptcha-noscript\">\r\n\t\t<iframe src=\"https:\/\/www.google.com\/recaptcha\/api\/fallback?k=6Le0r8UZAAAAANPT66e4eyUJwYEclnW24VIYi9f9\" frameborder=\"0\" scrolling=\"no\" width=\"310\" height=\"430\">\r\n\t\t<\/iframe>\r\n\t\t<textarea name=\"g-recaptcha-response\" rows=\"3\" cols=\"40\" placeholder=\"reCaptcha Response Here\">\r\n\t\t<\/textarea>\r\n\t<\/div>\r\n<\/noscript>\r\n<\/span><\/label><br \/>\n<input class=\"wpcf7-form-control wpcf7-submit has-spinner\" type=\"submit\" value=\"Enviar\" \/>\n<\/p><p style=\"display: none !important;\" class=\"akismet-fields-container\" data-prefix=\"_wpcf7_ak_\"><label>&#916;<textarea name=\"_wpcf7_ak_hp_textarea\" cols=\"45\" rows=\"8\" maxlength=\"100\"><\/textarea><\/label><input type=\"hidden\" id=\"ak_js_1\" name=\"_wpcf7_ak_js\" value=\"223\"\/><script type=\"text\/javascript\">\n\/* <![CDATA[ *\/\ndocument.getElementById( \"ak_js_1\" ).setAttribute( \"value\", ( new Date() ).getTime() );\n\/* ]]> *\/\n<\/script>\n<\/p><div class=\"wpcf7-response-output\" aria-hidden=\"true\"><\/div>\n<\/form>\n<\/div>\n[\/vc_column][\/vc_row][vc_row css_animation=\u00bb\u00bb row_type=\u00bbrow\u00bb use_row_as_full_screen_section=\u00bbno\u00bb type=\u00bbfull_width\u00bb angled_section=\u00bbno\u00bb text_align=\u00bbleft\u00bb background_image_as_pattern=\u00bbwithout_pattern\u00bb padding_bottom=\u00bb0&#8243; z_index=\u00bb\u00bb css=\u00bb.vc_custom_1543512421237{border-bottom-width: 0px !important;padding-bottom: 0px !important;}\u00bb][vc_column][vc_raw_html]JTNDaWZyYW1lJTIwc3JjJTNEJTIyaHR0cHMlM0ElMkYlMkZ3d3cuZ29vZ2xlLmNvbSUyRm1hcHMlMkZlbWJlZCUzRnBiJTNEJTIxMW0xNCUyMTFtOCUyMTFtMyUyMTFkMTE4NjMuMjY2ODQwMzk1MDQxJTIxMmQyLjgxNTMwMTklMjEzZDQxLjk4Mjc0NDklMjEzbTIlMjExaTEwMjQlMjEyaTc2OCUyMTRmMTMuMSUyMTNtMyUyMTFtMiUyMTFzMHgxMmJhZTcyMWIzYWNmNjM3JTI1M0EweGJlNjdiYzY5NjQzZmVjY2MlMjEyc0FtYXJhbnRhJTIxNWUwJTIxM20yJTIxMXNjYSUyMTJzZXMlMjE0djE3MDE3ODAzNTk0MTAlMjE1bTIlMjExc2NhJTIxMnNlcyUyMiUyMHdpZHRoJTNEJTIyMTAwJTI1JTIyJTIwaGVpZ2h0JTNEJTIyNDUwJTIyJTIwc3R5bGUlM0QlMjJib3JkZXIlM0EwJTNCJTIyJTIwYWxsb3dmdWxsc2NyZWVuJTNEJTIyJTIyJTIwbG9hZGluZyUzRCUyMmxhenklMjIlMjByZWZlcnJlcnBvbGljeSUzRCUyMm5vLXJlZmVycmVyLXdoZW4tZG93bmdyYWRlJTIyJTNFJTNDJTJGaWZyYW1lJTNF[\/vc_raw_html][\/vc_column][\/vc_row]<\/p>\n<\/div>","protected":false},"excerpt":{"rendered":"<p>[vc_row css_animation=\u00bb\u00bb row_type=\u00bbrow\u00bb use_row_as_full_screen_section=\u00bbno\u00bb type=\u00bbgrid\u00bb angled_section=\u00bbno\u00bb text_align=\u00bbleft\u00bb background_image_as_pattern=\u00bbwithout_pattern\u00bb padding_top=\u00bb60&#8243; padding_bottom=\u00bb50&#8243; z_index=\u00bb\u00bb][vc_column offset=\u00bbvc_col-md-4&#8243;][vc_single_image image=\u00bb265&#8243; img_size=\u00bbfull\u00bb qode_css_animation=\u00bb\u00bb][vc_empty_space height=\u00bb24px\u00bb][vc_column_text] Informaci\u00f3 de contacte [\/vc_column_text][vc_empty_space height=\u00bb7px\u00bb][vc_column_text] C\/.Riu G\u00fcell, 31-33 &#8211; 17005 Girona[\/vc_column_text][vc_column_text] info@amarantavegetal.cat[\/vc_column_text][vc_column_text] (+34) 972 940 832[\/vc_column_text][vc_empty_space height=\u00bb7px\u00bb][vc_column_text] Horaris [\/vc_column_text][vc_empty_space height=\u00bb7px\u00bb][vc_column_text] Men\u00fa diario de lunes a viernes medio d\u00eda (13:00&#8230;<\/p>\n","protected":false},"author":1,"featured_media":0,"parent":0,"menu_order":0,"comment_status":"closed","ping_status":"closed","template":"full_width.php","meta":{"footnotes":""},"class_list":["post-542","page","type-page","status-publish","hentry"],"yoast_head":"<!-- This site is optimized with the Yoast SEO plugin v27.5 - https:\/\/yoast.com\/product\/yoast-seo-wordpress\/ -->\n<title>Contacto - Amaranta Vegetal<\/title>\n<meta name=\"robots\" content=\"index, follow, max-snippet:-1, max-image-preview:large, max-video-preview:-1\" \/>\n<link rel=\"canonical\" href=\"https:\/\/amarantavegetal.cat\/es\/contacto\/\" \/>\n<meta property=\"og:locale\" content=\"es_ES\" \/>\n<meta property=\"og:type\" content=\"article\" \/>\n<meta property=\"og:title\" content=\"Contacto - Amaranta Vegetal\" \/>\n<meta property=\"og:description\" content=\"[vc_row css_animation=\u00bb\u00bb row_type=\u00bbrow\u00bb use_row_as_full_screen_section=\u00bbno\u00bb type=\u00bbgrid\u00bb angled_section=\u00bbno\u00bb text_align=\u00bbleft\u00bb background_image_as_pattern=\u00bbwithout_pattern\u00bb padding_top=\u00bb60&#8243; padding_bottom=\u00bb50&#8243; z_index=\u00bb\u00bb][vc_column offset=\u00bbvc_col-md-4&#8243;][vc_single_image image=\u00bb265&#8243; img_size=\u00bbfull\u00bb qode_css_animation=\u00bb\u00bb][vc_empty_space height=\u00bb24px\u00bb][vc_column_text] Informaci\u00f3 de contacte [\/vc_column_text][vc_empty_space height=\u00bb7px\u00bb][vc_column_text] C\/.Riu G\u00fcell, 31-33 &#8211; 17005 Girona[\/vc_column_text][vc_column_text] info@amarantavegetal.cat[\/vc_column_text][vc_column_text] (+34) 972 940 832[\/vc_column_text][vc_empty_space height=\u00bb7px\u00bb][vc_column_text] Horaris [\/vc_column_text][vc_empty_space height=\u00bb7px\u00bb][vc_column_text] Men\u00fa diario de lunes a viernes medio d\u00eda (13:00...\" \/>\n<meta property=\"og:url\" content=\"https:\/\/amarantavegetal.cat\/es\/contacto\/\" \/>\n<meta property=\"og:site_name\" content=\"Amaranta Vegetal\" \/>\n<meta property=\"article:publisher\" content=\"https:\/\/www.facebook.com\/AmarantaRestaurantVegetaria\/\" \/>\n<meta property=\"article:modified_time\" content=\"2023-12-05T12:48:10+00:00\" \/>\n<meta name=\"twitter:card\" content=\"summary_large_image\" \/>\n<meta name=\"twitter:label1\" content=\"Tiempo de lectura\" \/>\n\t<meta name=\"twitter:data1\" content=\"1 minuto\" \/>\n<script type=\"application\/ld+json\" class=\"yoast-schema-graph\">{\"@context\":\"https:\\\/\\\/schema.org\",\"@graph\":[{\"@type\":\"WebPage\",\"@id\":\"https:\\\/\\\/amarantavegetal.cat\\\/es\\\/contacto\\\/\",\"url\":\"https:\\\/\\\/amarantavegetal.cat\\\/es\\\/contacto\\\/\",\"name\":\"Contacto - Amaranta Vegetal\",\"isPartOf\":{\"@id\":\"https:\\\/\\\/amarantavegetal.cat\\\/#website\"},\"datePublished\":\"2018-01-12T11:42:48+00:00\",\"dateModified\":\"2023-12-05T12:48:10+00:00\",\"breadcrumb\":{\"@id\":\"https:\\\/\\\/amarantavegetal.cat\\\/es\\\/contacto\\\/#breadcrumb\"},\"inLanguage\":\"es\",\"potentialAction\":[{\"@type\":\"ReadAction\",\"target\":[\"https:\\\/\\\/amarantavegetal.cat\\\/es\\\/contacto\\\/\"]}]},{\"@type\":\"BreadcrumbList\",\"@id\":\"https:\\\/\\\/amarantavegetal.cat\\\/es\\\/contacto\\\/#breadcrumb\",\"itemListElement\":[{\"@type\":\"ListItem\",\"position\":1,\"name\":\"Inici\",\"item\":\"https:\\\/\\\/amarantavegetal.cat\\\/es\\\/\"},{\"@type\":\"ListItem\",\"position\":2,\"name\":\"Contacto\"}]},{\"@type\":\"WebSite\",\"@id\":\"https:\\\/\\\/amarantavegetal.cat\\\/#website\",\"url\":\"https:\\\/\\\/amarantavegetal.cat\\\/\",\"name\":\"Amaranta Vegetal\",\"description\":\"Restaurant de cuina vegetariana\",\"potentialAction\":[{\"@type\":\"SearchAction\",\"target\":{\"@type\":\"EntryPoint\",\"urlTemplate\":\"https:\\\/\\\/amarantavegetal.cat\\\/?s={search_term_string}\"},\"query-input\":{\"@type\":\"PropertyValueSpecification\",\"valueRequired\":true,\"valueName\":\"search_term_string\"}}],\"inLanguage\":\"es\"}]}<\/script>\n<!-- \/ Yoast SEO plugin. -->","yoast_head_json":{"title":"Contacto - Amaranta Vegetal","robots":{"index":"index","follow":"follow","max-snippet":"max-snippet:-1","max-image-preview":"max-image-preview:large","max-video-preview":"max-video-preview:-1"},"canonical":"https:\/\/amarantavegetal.cat\/es\/contacto\/","og_locale":"es_ES","og_type":"article","og_title":"Contacto - Amaranta Vegetal","og_description":"[vc_row css_animation=\u00bb\u00bb row_type=\u00bbrow\u00bb use_row_as_full_screen_section=\u00bbno\u00bb type=\u00bbgrid\u00bb angled_section=\u00bbno\u00bb text_align=\u00bbleft\u00bb background_image_as_pattern=\u00bbwithout_pattern\u00bb padding_top=\u00bb60&#8243; padding_bottom=\u00bb50&#8243; z_index=\u00bb\u00bb][vc_column offset=\u00bbvc_col-md-4&#8243;][vc_single_image image=\u00bb265&#8243; img_size=\u00bbfull\u00bb qode_css_animation=\u00bb\u00bb][vc_empty_space height=\u00bb24px\u00bb][vc_column_text] Informaci\u00f3 de contacte [\/vc_column_text][vc_empty_space height=\u00bb7px\u00bb][vc_column_text] C\/.Riu G\u00fcell, 31-33 &#8211; 17005 Girona[\/vc_column_text][vc_column_text] info@amarantavegetal.cat[\/vc_column_text][vc_column_text] (+34) 972 940 832[\/vc_column_text][vc_empty_space height=\u00bb7px\u00bb][vc_column_text] Horaris [\/vc_column_text][vc_empty_space height=\u00bb7px\u00bb][vc_column_text] Men\u00fa diario de lunes a viernes medio d\u00eda (13:00...","og_url":"https:\/\/amarantavegetal.cat\/es\/contacto\/","og_site_name":"Amaranta Vegetal","article_publisher":"https:\/\/www.facebook.com\/AmarantaRestaurantVegetaria\/","article_modified_time":"2023-12-05T12:48:10+00:00","twitter_card":"summary_large_image","twitter_misc":{"Tiempo de lectura":"1 minuto"},"schema":{"@context":"https:\/\/schema.org","@graph":[{"@type":"WebPage","@id":"https:\/\/amarantavegetal.cat\/es\/contacto\/","url":"https:\/\/amarantavegetal.cat\/es\/contacto\/","name":"Contacto - Amaranta Vegetal","isPartOf":{"@id":"https:\/\/amarantavegetal.cat\/#website"},"datePublished":"2018-01-12T11:42:48+00:00","dateModified":"2023-12-05T12:48:10+00:00","breadcrumb":{"@id":"https:\/\/amarantavegetal.cat\/es\/contacto\/#breadcrumb"},"inLanguage":"es","potentialAction":[{"@type":"ReadAction","target":["https:\/\/amarantavegetal.cat\/es\/contacto\/"]}]},{"@type":"BreadcrumbList","@id":"https:\/\/amarantavegetal.cat\/es\/contacto\/#breadcrumb","itemListElement":[{"@type":"ListItem","position":1,"name":"Inici","item":"https:\/\/amarantavegetal.cat\/es\/"},{"@type":"ListItem","position":2,"name":"Contacto"}]},{"@type":"WebSite","@id":"https:\/\/amarantavegetal.cat\/#website","url":"https:\/\/amarantavegetal.cat\/","name":"Amaranta Vegetal","description":"Restaurant de cuina vegetariana","potentialAction":[{"@type":"SearchAction","target":{"@type":"EntryPoint","urlTemplate":"https:\/\/amarantavegetal.cat\/?s={search_term_string}"},"query-input":{"@type":"PropertyValueSpecification","valueRequired":true,"valueName":"search_term_string"}}],"inLanguage":"es"}]}},"_links":{"self":[{"href":"https:\/\/amarantavegetal.cat\/es\/wp-json\/wp\/v2\/pages\/542","targetHints":{"allow":["GET"]}}],"collection":[{"href":"https:\/\/amarantavegetal.cat\/es\/wp-json\/wp\/v2\/pages"}],"about":[{"href":"https:\/\/amarantavegetal.cat\/es\/wp-json\/wp\/v2\/types\/page"}],"author":[{"embeddable":true,"href":"https:\/\/amarantavegetal.cat\/es\/wp-json\/wp\/v2\/users\/1"}],"replies":[{"embeddable":true,"href":"https:\/\/amarantavegetal.cat\/es\/wp-json\/wp\/v2\/comments?post=542"}],"version-history":[{"count":22,"href":"https:\/\/amarantavegetal.cat\/es\/wp-json\/wp\/v2\/pages\/542\/revisions"}],"predecessor-version":[{"id":3758,"href":"https:\/\/amarantavegetal.cat\/es\/wp-json\/wp\/v2\/pages\/542\/revisions\/3758"}],"wp:attachment":[{"href":"https:\/\/amarantavegetal.cat\/es\/wp-json\/wp\/v2\/media?parent=542"}],"curies":[{"name":"wp","href":"https:\/\/api.w.org\/{rel}","templated":true}]}}