{"id":4016,"date":"2018-12-07T13:46:26","date_gmt":"2018-12-07T13:46:26","guid":{"rendered":"https:\/\/amarantavegetal.cat\/nuestra-cocina\/menu-temps-de-flors\/"},"modified":"2025-05-05T13:52:28","modified_gmt":"2025-05-05T13:52:28","slug":"menu-de-las-flores-2024","status":"publish","type":"page","link":"https:\/\/amarantavegetal.cat\/es\/nuestra-cocina\/menu-de-las-flores-2024\/","title":{"rendered":"Men\u00fa de las Flores 2024"},"content":{"rendered":"<div class=\"wpb-content-wrapper\"><p>[vc_row css_animation=\u00bb\u00bb row_type=\u00bbrow\u00bb use_row_as_full_screen_section=\u00bbno\u00bb type=\u00bbgrid\u00bb angled_section=\u00bbno\u00bb text_align=\u00bbleft\u00bb background_image_as_pattern=\u00bbwithout_pattern\u00bb padding_top=\u00bb60&#8243; padding_bottom=\u00bb60&#8243; z_index=\u00bb\u00bb][vc_column][vc_separator type=\u00bbnormal\u00bb color=\u00bb#d3d3d3&#8243; up=\u00bb10&#8243; down=\u00bb20&#8243;][vc_column_text]<\/p>\n<p>[\/vc_column_text][vc_column_text css=\u00bb\u00bb]<\/p>\n<p style=\"text-align: center;\">COPA DE CAVA DE BIENVENIDA<\/p>\n<h3 align=\"center\"><strong>ENTRANTES<\/strong><\/h3>\n<div align=\"center\"><\/div>\n<div align=\"center\">Bu\u00f1uelos de espinacas y reques\u00f3n con coul\u00eds de cereza<\/div>\n<div align=\"center\"><\/div>\n<div align=\"center\">Piquillos de ajo tierno y esp\u00e1rragos con mousse de escalivada<\/div>\n<div align=\"center\"><\/div>\n<div align=\"center\">Berenjena a la parmesana<\/div>\n<div align=\"center\"><\/div>\n<div align=\"center\">Gazpacho de fresa con helado de aceite de oliva<\/div>\n<div align=\"center\"><\/div>\n<h3 align=\"center\"><strong>SEGUNDOS (a escoger)<\/strong><\/h3>\n<div align=\"center\"><\/div>\n<div align=\"center\">Involtini de manzana con seitan, verduritas y pesto de hierbas aromaticas y frutos secos<\/div>\n<div align=\"center\">o<\/div>\n<div align=\"center\">Nuestra fideu\u00e1 con algas y setas<\/div>\n<div align=\"center\"><\/div>\n<h3 align=\"center\"><strong>POSTRE <\/strong><strong style=\"font-size: 16px;\">(a escoger)<\/strong><\/h3>\n<div align=\"center\"><\/div>\n<div align=\"center\">Pecado de chocolate<\/div>\n<div align=\"center\">o<\/div>\n<div align=\"center\">Sorbete de lim\u00f3n<\/div>\n<div align=\"center\"><\/div>\n<div align=\"center\"><\/div>\n<div align=\"center\"><\/div>\n<p>[\/vc_column_text][vc_separator type=\u00bbnormal\u00bb color=\u00bb#d3d3d3&#8243; up=\u00bb20&#8243; down=\u00bb20&#8243;][vc_column_text css=\u00bb\u00bb]<\/p>\n<div align=\"center\"><\/div>\n<div align=\"center\">\n<div align=\"center\">AGUA, COPA DE VINO Y PAN INCLUIDO<\/div>\n<div align=\"center\"><\/div>\n<h3 align=\"center\"><strong>38,00\u20ac iva incluido<\/strong><\/h3>\n<\/div>\n<p>[\/vc_column_text][\/vc_column][\/vc_row][vc_row css_animation=\u00bb\u00bb row_type=\u00bbrow\u00bb use_row_as_full_screen_section=\u00bbno\u00bb type=\u00bbfull_width\u00bb angled_section=\u00bbno\u00bb text_align=\u00bbleft\u00bb background_image_as_pattern=\u00bbwithout_pattern\u00bb][vc_column][\/vc_column][\/vc_row][vc_row css_animation=\u00bb\u00bb row_type=\u00bbrow\u00bb use_row_as_full_screen_section=\u00bbno\u00bb type=\u00bbfull_width\u00bb angled_section=\u00bbno\u00bb text_align=\u00bbleft\u00bb background_image_as_pattern=\u00bbwithout_pattern\u00bb][vc_column][vc_column_text]<\/p>\n<p>[\/vc_column_text][\/vc_column][\/vc_row]<\/p>\n<\/div>","protected":false},"excerpt":{"rendered":"<p>[vc_row css_animation=\u00bb\u00bb row_type=\u00bbrow\u00bb use_row_as_full_screen_section=\u00bbno\u00bb type=\u00bbgrid\u00bb angled_section=\u00bbno\u00bb text_align=\u00bbleft\u00bb background_image_as_pattern=\u00bbwithout_pattern\u00bb padding_top=\u00bb60&#8243; padding_bottom=\u00bb60&#8243; z_index=\u00bb\u00bb][vc_column][vc_separator type=\u00bbnormal\u00bb color=\u00bb#d3d3d3&#8243; up=\u00bb10&#8243; down=\u00bb20&#8243;][vc_column_text] [\/vc_column_text][vc_column_text css=\u00bb\u00bb] COPA DE CAVA DE BIENVENIDA ENTRANTES Bu\u00f1uelos de espinacas y reques\u00f3n con coul\u00eds de cereza Piquillos de ajo tierno y esp\u00e1rragos con mousse de escalivada Berenjena a la&#8230;<\/p>\n","protected":false},"author":1,"featured_media":0,"parent":553,"menu_order":0,"comment_status":"closed","ping_status":"closed","template":"full_width.php","meta":{"footnotes":""},"class_list":["post-4016","page","type-page","status-publish","hentry"],"yoast_head":"<!-- This site is optimized with the Yoast SEO plugin v27.6 - https:\/\/yoast.com\/product\/yoast-seo-wordpress\/ -->\n<title>Men\u00fa de las Flores 2024 - Amaranta Vegetal<\/title>\n<meta name=\"robots\" content=\"index, follow, max-snippet:-1, max-image-preview:large, max-video-preview:-1\" \/>\n<link rel=\"canonical\" href=\"https:\/\/amarantavegetal.cat\/es\/nuestra-cocina\/menu-de-las-flores-2024\/\" \/>\n<meta property=\"og:locale\" content=\"es_ES\" \/>\n<meta property=\"og:type\" content=\"article\" \/>\n<meta property=\"og:title\" content=\"Men\u00fa de las Flores 2024 - Amaranta Vegetal\" \/>\n<meta property=\"og:description\" content=\"[vc_row css_animation=\u00bb\u00bb row_type=\u00bbrow\u00bb use_row_as_full_screen_section=\u00bbno\u00bb type=\u00bbgrid\u00bb angled_section=\u00bbno\u00bb text_align=\u00bbleft\u00bb background_image_as_pattern=\u00bbwithout_pattern\u00bb padding_top=\u00bb60&#8243; padding_bottom=\u00bb60&#8243; z_index=\u00bb\u00bb][vc_column][vc_separator type=\u00bbnormal\u00bb color=\u00bb#d3d3d3&#8243; up=\u00bb10&#8243; down=\u00bb20&#8243;][vc_column_text] [\/vc_column_text][vc_column_text css=\u00bb\u00bb] COPA DE CAVA DE BIENVENIDA ENTRANTES Bu\u00f1uelos de espinacas y reques\u00f3n con coul\u00eds de cereza Piquillos de ajo tierno y esp\u00e1rragos con mousse de escalivada Berenjena a la...\" \/>\n<meta property=\"og:url\" content=\"https:\/\/amarantavegetal.cat\/es\/nuestra-cocina\/menu-de-las-flores-2024\/\" \/>\n<meta property=\"og:site_name\" content=\"Amaranta Vegetal\" \/>\n<meta property=\"article:publisher\" content=\"https:\/\/www.facebook.com\/AmarantaRestaurantVegetaria\/\" \/>\n<meta property=\"article:modified_time\" content=\"2025-05-05T13:52:28+00:00\" \/>\n<meta name=\"twitter:card\" content=\"summary_large_image\" \/>\n<meta name=\"twitter:label1\" content=\"Tiempo de lectura\" \/>\n\t<meta name=\"twitter:data1\" content=\"1 minuto\" \/>\n<script type=\"application\/ld+json\" class=\"yoast-schema-graph\">{\"@context\":\"https:\\\/\\\/schema.org\",\"@graph\":[{\"@type\":\"WebPage\",\"@id\":\"https:\\\/\\\/amarantavegetal.cat\\\/es\\\/nuestra-cocina\\\/menu-de-las-flores-2024\\\/\",\"url\":\"https:\\\/\\\/amarantavegetal.cat\\\/es\\\/nuestra-cocina\\\/menu-de-las-flores-2024\\\/\",\"name\":\"Men\u00fa de las Flores 2024 - Amaranta Vegetal\",\"isPartOf\":{\"@id\":\"https:\\\/\\\/amarantavegetal.cat\\\/#website\"},\"datePublished\":\"2018-12-07T13:46:26+00:00\",\"dateModified\":\"2025-05-05T13:52:28+00:00\",\"breadcrumb\":{\"@id\":\"https:\\\/\\\/amarantavegetal.cat\\\/es\\\/nuestra-cocina\\\/menu-de-las-flores-2024\\\/#breadcrumb\"},\"inLanguage\":\"es\",\"potentialAction\":[{\"@type\":\"ReadAction\",\"target\":[\"https:\\\/\\\/amarantavegetal.cat\\\/es\\\/nuestra-cocina\\\/menu-de-las-flores-2024\\\/\"]}]},{\"@type\":\"BreadcrumbList\",\"@id\":\"https:\\\/\\\/amarantavegetal.cat\\\/es\\\/nuestra-cocina\\\/menu-de-las-flores-2024\\\/#breadcrumb\",\"itemListElement\":[{\"@type\":\"ListItem\",\"position\":1,\"name\":\"Inici\",\"item\":\"https:\\\/\\\/amarantavegetal.cat\\\/es\\\/\"},{\"@type\":\"ListItem\",\"position\":2,\"name\":\"Nuestra cocina\",\"item\":\"https:\\\/\\\/amarantavegetal.cat\\\/es\\\/nuestra-cocina\\\/\"},{\"@type\":\"ListItem\",\"position\":3,\"name\":\"Men\u00fa de las Flores 2024\"}]},{\"@type\":\"WebSite\",\"@id\":\"https:\\\/\\\/amarantavegetal.cat\\\/#website\",\"url\":\"https:\\\/\\\/amarantavegetal.cat\\\/\",\"name\":\"Amaranta Vegetal\",\"description\":\"Restaurant de cuina vegetariana\",\"potentialAction\":[{\"@type\":\"SearchAction\",\"target\":{\"@type\":\"EntryPoint\",\"urlTemplate\":\"https:\\\/\\\/amarantavegetal.cat\\\/?s={search_term_string}\"},\"query-input\":{\"@type\":\"PropertyValueSpecification\",\"valueRequired\":true,\"valueName\":\"search_term_string\"}}],\"inLanguage\":\"es\"}]}<\/script>\n<!-- \/ Yoast SEO plugin. -->","yoast_head_json":{"title":"Men\u00fa de las Flores 2024 - Amaranta Vegetal","robots":{"index":"index","follow":"follow","max-snippet":"max-snippet:-1","max-image-preview":"max-image-preview:large","max-video-preview":"max-video-preview:-1"},"canonical":"https:\/\/amarantavegetal.cat\/es\/nuestra-cocina\/menu-de-las-flores-2024\/","og_locale":"es_ES","og_type":"article","og_title":"Men\u00fa de las Flores 2024 - Amaranta Vegetal","og_description":"[vc_row css_animation=\u00bb\u00bb row_type=\u00bbrow\u00bb use_row_as_full_screen_section=\u00bbno\u00bb type=\u00bbgrid\u00bb angled_section=\u00bbno\u00bb text_align=\u00bbleft\u00bb background_image_as_pattern=\u00bbwithout_pattern\u00bb padding_top=\u00bb60&#8243; padding_bottom=\u00bb60&#8243; z_index=\u00bb\u00bb][vc_column][vc_separator type=\u00bbnormal\u00bb color=\u00bb#d3d3d3&#8243; up=\u00bb10&#8243; down=\u00bb20&#8243;][vc_column_text] [\/vc_column_text][vc_column_text css=\u00bb\u00bb] COPA DE CAVA DE BIENVENIDA ENTRANTES Bu\u00f1uelos de espinacas y reques\u00f3n con coul\u00eds de cereza Piquillos de ajo tierno y esp\u00e1rragos con mousse de escalivada Berenjena a la...","og_url":"https:\/\/amarantavegetal.cat\/es\/nuestra-cocina\/menu-de-las-flores-2024\/","og_site_name":"Amaranta Vegetal","article_publisher":"https:\/\/www.facebook.com\/AmarantaRestaurantVegetaria\/","article_modified_time":"2025-05-05T13:52:28+00:00","twitter_card":"summary_large_image","twitter_misc":{"Tiempo de lectura":"1 minuto"},"schema":{"@context":"https:\/\/schema.org","@graph":[{"@type":"WebPage","@id":"https:\/\/amarantavegetal.cat\/es\/nuestra-cocina\/menu-de-las-flores-2024\/","url":"https:\/\/amarantavegetal.cat\/es\/nuestra-cocina\/menu-de-las-flores-2024\/","name":"Men\u00fa de las Flores 2024 - Amaranta Vegetal","isPartOf":{"@id":"https:\/\/amarantavegetal.cat\/#website"},"datePublished":"2018-12-07T13:46:26+00:00","dateModified":"2025-05-05T13:52:28+00:00","breadcrumb":{"@id":"https:\/\/amarantavegetal.cat\/es\/nuestra-cocina\/menu-de-las-flores-2024\/#breadcrumb"},"inLanguage":"es","potentialAction":[{"@type":"ReadAction","target":["https:\/\/amarantavegetal.cat\/es\/nuestra-cocina\/menu-de-las-flores-2024\/"]}]},{"@type":"BreadcrumbList","@id":"https:\/\/amarantavegetal.cat\/es\/nuestra-cocina\/menu-de-las-flores-2024\/#breadcrumb","itemListElement":[{"@type":"ListItem","position":1,"name":"Inici","item":"https:\/\/amarantavegetal.cat\/es\/"},{"@type":"ListItem","position":2,"name":"Nuestra cocina","item":"https:\/\/amarantavegetal.cat\/es\/nuestra-cocina\/"},{"@type":"ListItem","position":3,"name":"Men\u00fa de las Flores 2024"}]},{"@type":"WebSite","@id":"https:\/\/amarantavegetal.cat\/#website","url":"https:\/\/amarantavegetal.cat\/","name":"Amaranta Vegetal","description":"Restaurant de cuina vegetariana","potentialAction":[{"@type":"SearchAction","target":{"@type":"EntryPoint","urlTemplate":"https:\/\/amarantavegetal.cat\/?s={search_term_string}"},"query-input":{"@type":"PropertyValueSpecification","valueRequired":true,"valueName":"search_term_string"}}],"inLanguage":"es"}]}},"_links":{"self":[{"href":"https:\/\/amarantavegetal.cat\/es\/wp-json\/wp\/v2\/pages\/4016","targetHints":{"allow":["GET"]}}],"collection":[{"href":"https:\/\/amarantavegetal.cat\/es\/wp-json\/wp\/v2\/pages"}],"about":[{"href":"https:\/\/amarantavegetal.cat\/es\/wp-json\/wp\/v2\/types\/page"}],"author":[{"embeddable":true,"href":"https:\/\/amarantavegetal.cat\/es\/wp-json\/wp\/v2\/users\/1"}],"replies":[{"embeddable":true,"href":"https:\/\/amarantavegetal.cat\/es\/wp-json\/wp\/v2\/comments?post=4016"}],"version-history":[{"count":3,"href":"https:\/\/amarantavegetal.cat\/es\/wp-json\/wp\/v2\/pages\/4016\/revisions"}],"predecessor-version":[{"id":4608,"href":"https:\/\/amarantavegetal.cat\/es\/wp-json\/wp\/v2\/pages\/4016\/revisions\/4608"}],"up":[{"embeddable":true,"href":"https:\/\/amarantavegetal.cat\/es\/wp-json\/wp\/v2\/pages\/553"}],"wp:attachment":[{"href":"https:\/\/amarantavegetal.cat\/es\/wp-json\/wp\/v2\/media?parent=4016"}],"curies":[{"name":"wp","href":"https:\/\/api.w.org\/{rel}","templated":true}]}}